{"id":74,"date":"2025-07-08T20:35:44","date_gmt":"2025-07-08T20:35:44","guid":{"rendered":"https:\/\/ideakids.org.mx\/?page_id=74"},"modified":"2025-07-09T17:03:29","modified_gmt":"2025-07-09T17:03:29","slug":"costos","status":"publish","type":"page","link":"https:\/\/ideakids.org.mx\/index.php\/costos\/","title":{"rendered":"Costos"},"content":{"rendered":"<h1>Costos Transparentes<\/h1>\n<p>\u00a1En <b>Ideakids Conkal<\/b>, nos esforzamos por ofrecer una estructura de costos clara y sencilla, sin sorpresas! Queremos que tengas total tranquilidad al elegirnos para el desarrollo de tus hijos.<\/p>\n<p><b>Para todos los niveles, contamos con los siguientes beneficios:<\/b><\/p>\n<ul>\n<li><b>Inscripci\u00f3n Anual: \u00a1SIN COSTO!<\/b><\/li>\n<li><b>Reinscripci\u00f3n: \u00a1SIN COSTO!<\/b><\/li>\n<li><b>Licencia Anual App Livekid: $550 por alumno\u00a0<\/b><\/li>\n<\/ul>\n<p>Colegiaturas y Beneficios Incluidos<\/p>\n<p>Nuestras colegiaturas se pagan en <b>12 mensualidades<\/b>, cubriendo el ciclo escolar <b>de agosto a julio<\/b>. Y para tu mayor tranquilidad, \u00a1el costo de la colegiatura <b>incluye un seguro de accidentes escolares<\/b>! Este seguro ofrece pago directo y sin deducible en los principales hospitales privados de la zona.<\/p>\n<h2>Pagos Flexibles y Descuentos<\/h2>\n<p>Olv\u00eddate de los recargos; <b>no cobramos ninguna cuota extra por pagos realizados dentro del mes vigente<\/b>. Adem\u00e1s, premiamos tu compromiso con un <b>atractivo plan de descuentos por pago puntual<\/b>.<\/p>\n<p><a href=\"https:\/\/ideakids.org.mx\/wp-content\/uploads\/2025\/07\/tablacostos2025.bmp\"><img loading=\"lazy\" decoding=\"async\" class=\"size-full wp-image-92 aligncenter\" src=\"https:\/\/ideakids.org.mx\/wp-content\/uploads\/2025\/07\/tablacostos2025.bmp\" alt=\"\" width=\"754\" height=\"437\" \/><\/a><\/p>\n<h2>Tu Servicio, a tu Medida<\/h2>\n<p>En Ideakids Conkal, creemos en la <b>transparencia y flexibilidad<\/b>. Nuestro modelo de pagos es sencillo y sin condiciones ocultas, permiti\u00e9ndote <b>personalizar el servicio<\/b> de la forma que mejor se adapte a tus necesidades. \u00bfNecesitas un cambio de horario, agregar alimentos, o contratar otros servicios adicionales? Puedes hacerlo <b>sin penalizaci\u00f3n alguna<\/b>.<\/p>\n<p>\u00a1Estamos aqu\u00ed para hacer tu experiencia lo m\u00e1s c\u00f3moda y beneficiosa posible!<\/p>\n<p>Te invitamos a agendar una visita personalizada para que t\u00fa y tu hijo puedan vivir el ambiente de Ideakids, conocer a nuestro equipo y ver por qu\u00e9 somos la nueva comunidad educativa que las familias de Conkal eligen para el comienzo m\u00e1s importante de sus peques. <a href=\"https:\/\/calendar.app.google\/39ZQKq4bVX71eiNF6\" class=\"su-button su-button-style-default\" style=\"color:#FFFFFF;background-color:#ef2f2d;border-color:#c02624;border-radius:5px\" target=\"_blank\" rel=\"noopener noreferrer\"><span style=\"color:#FFFFFF;padding:0px 16px;font-size:13px;line-height:26px;border-color:#f46e6c;border-radius:5px;text-shadow:none\"> AGENDAR CITA<\/span><\/a>\n<p>Si tienes dudas o necesitas m\u00e1s informaci\u00f3n, puedes contactarnos v\u00eda WhatsApp:\u00a0<a href=\"https:\/\/wa.me\/529996888252\" class=\"su-button su-button-style-default\" style=\"color:#FFFFFF;background-color:#ef2f2d;border-color:#c02624;border-radius:5px\" target=\"_blank\" rel=\"noopener noreferrer\"><span style=\"color:#FFFFFF;padding:0px 16px;font-size:13px;line-height:26px;border-color:#f46e6c;border-radius:5px;text-shadow:none\"> CONTACTO<\/span><\/a>\n","protected":false},"excerpt":{"rendered":"<p>Costos Transparentes \u00a1En Ideakids Conkal, nos esforzamos por ofrecer una estructura de costos clara y sencilla, sin sorpresas! Queremos que &hellip; <a href=\"https:\/\/ideakids.org.mx\/index.php\/costos\/\" class=\"more-link\"><span class=\"more-button\">Seguir leyendo<span class=\"screen-reader-text\">Costos<\/span><\/span><\/a><\/p>\n","protected":false},"author":1,"featured_media":0,"parent":0,"menu_order":0,"comment_status":"closed","ping_status":"closed","template":"","meta":{"footnotes":""},"class_list":["post-74","page","type-page","status-publish","hentry"],"_links":{"self":[{"href":"https:\/\/ideakids.org.mx\/index.php\/wp-json\/wp\/v2\/pages\/74","targetHints":{"allow":["GET"]}}],"collection":[{"href":"https:\/\/ideakids.org.mx\/index.php\/wp-json\/wp\/v2\/pages"}],"about":[{"href":"https:\/\/ideakids.org.mx\/index.php\/wp-json\/wp\/v2\/types\/page"}],"author":[{"embeddable":true,"href":"https:\/\/ideakids.org.mx\/index.php\/wp-json\/wp\/v2\/users\/1"}],"replies":[{"embeddable":true,"href":"https:\/\/ideakids.org.mx\/index.php\/wp-json\/wp\/v2\/comments?post=74"}],"version-history":[{"count":6,"href":"https:\/\/ideakids.org.mx\/index.php\/wp-json\/wp\/v2\/pages\/74\/revisions"}],"predecessor-version":[{"id":104,"href":"https:\/\/ideakids.org.mx\/index.php\/wp-json\/wp\/v2\/pages\/74\/revisions\/104"}],"wp:attachment":[{"href":"https:\/\/ideakids.org.mx\/index.php\/wp-json\/wp\/v2\/media?parent=74"}],"curies":[{"name":"wp","href":"https:\/\/api.w.org\/{rel}","templated":true}]}}