{"id":23,"date":"2025-07-04T19:26:36","date_gmt":"2025-07-04T19:26:36","guid":{"rendered":"https:\/\/ideakids.org.mx\/?page_id=23"},"modified":"2025-07-04T19:39:43","modified_gmt":"2025-07-04T19:39:43","slug":"quienes-somos","status":"publish","type":"page","link":"https:\/\/ideakids.org.mx\/index.php\/quienes-somos\/","title":{"rendered":"Quienes somos"},"content":{"rendered":"<h1>\u00bfQuienes somos?<\/h1>\n<p><b>Ideakids Conkal<\/b> es parte de <b>Grupo Educativo Idea Yucat\u00e1n A.C.<\/b>, una asociaci\u00f3n civil sin fines de lucro, fundada en 2023 con sede en Conkal, Yucat\u00e1n. Nuestro objetivo principal es promover la educaci\u00f3n, la cultura y el deporte en el estado de Yucat\u00e1n. Estamos conformados por un grupo de profesionales apasionados en estas \u00e1reas, dedicados a generar un impacto positivo en nuestra comunidad.<\/p>\n<p>Adem\u00e1s de <b>Ideakids Conkal<\/b>, Grupo Educativo Idea Yucat\u00e1n A.C. desarrolla actividades en otros niveles educativos, como la <b>capacitaci\u00f3n y formaci\u00f3n de maestros y maestras<\/b>, la <b>capacitaci\u00f3n y certificaci\u00f3n en competencias laborales<\/b>, y la <b>promoci\u00f3n de actividades deportivas y recreativas<\/b>.<\/p>\n<p>En agosto de 2024, lanzamos <b>Ideakids Conkal<\/b> con la misi\u00f3n de ofrecer una educaci\u00f3n de alta calidad que sea innovadora, inspiradora e inclusiva para todas las infancias, sin importar sus condiciones sociales, econ\u00f3micas o de condiciones de vida. Queremos que cada ni\u00f1o y ni\u00f1a se sienta amado, seguro y empoderado para desarrollar su m\u00e1ximo potencial. Para lograrlo, implementamos modelos educativos innovadores que fomentan un aprendizaje significativo y estimulante.<\/p>\n","protected":false},"excerpt":{"rendered":"<p>\u00bfQuienes somos? Ideakids Conkal es parte de Grupo Educativo Idea Yucat\u00e1n A.C., una asociaci\u00f3n civil sin fines de lucro, fundada &hellip; <a href=\"https:\/\/ideakids.org.mx\/index.php\/quienes-somos\/\" class=\"more-link\"><span class=\"more-button\">Seguir leyendo<span class=\"screen-reader-text\">Quienes somos<\/span><\/span><\/a><\/p>\n","protected":false},"author":1,"featured_media":0,"parent":0,"menu_order":0,"comment_status":"closed","ping_status":"closed","template":"","meta":{"footnotes":""},"class_list":["post-23","page","type-page","status-publish","hentry"],"_links":{"self":[{"href":"https:\/\/ideakids.org.mx\/index.php\/wp-json\/wp\/v2\/pages\/23","targetHints":{"allow":["GET"]}}],"collection":[{"href":"https:\/\/ideakids.org.mx\/index.php\/wp-json\/wp\/v2\/pages"}],"about":[{"href":"https:\/\/ideakids.org.mx\/index.php\/wp-json\/wp\/v2\/types\/page"}],"author":[{"embeddable":true,"href":"https:\/\/ideakids.org.mx\/index.php\/wp-json\/wp\/v2\/users\/1"}],"replies":[{"embeddable":true,"href":"https:\/\/ideakids.org.mx\/index.php\/wp-json\/wp\/v2\/comments?post=23"}],"version-history":[{"count":1,"href":"https:\/\/ideakids.org.mx\/index.php\/wp-json\/wp\/v2\/pages\/23\/revisions"}],"predecessor-version":[{"id":25,"href":"https:\/\/ideakids.org.mx\/index.php\/wp-json\/wp\/v2\/pages\/23\/revisions\/25"}],"wp:attachment":[{"href":"https:\/\/ideakids.org.mx\/index.php\/wp-json\/wp\/v2\/media?parent=23"}],"curies":[{"name":"wp","href":"https:\/\/api.w.org\/{rel}","templated":true}]}}