{"id":120,"date":"2025-08-19T18:04:22","date_gmt":"2025-08-19T18:04:22","guid":{"rendered":"https:\/\/ideakids.org.mx\/?page_id=120"},"modified":"2025-08-19T18:30:12","modified_gmt":"2025-08-19T18:30:12","slug":"apoyosocial","status":"publish","type":"page","link":"https:\/\/ideakids.org.mx\/index.php\/apoyosocial\/","title":{"rendered":"Programa de Apoyo Social &#8211; Ideakids Conkal &#8211; Maternal y Kinder"},"content":{"rendered":"<h1>T\u00c9RMINOS Y CONDICIONES DEL PROGRAMA DE APOYO SOCIAL IDEAKIDS<\/h1>\n<p data-start=\"263\" data-end=\"540\">El presente documento establece los t\u00e9rminos y condiciones aplicables al <strong data-start=\"336\" data-end=\"373\">Programa de Apoyo Social Ideakids<\/strong> (en lo sucesivo, \u201cel Programa\u201d), el cual es organizado y administrado por <strong data-start=\"448\" data-end=\"485\">Grupo Educativo Idea Yucat\u00e1n A.C.<\/strong>, responsable de la operaci\u00f3n de <strong data-start=\"518\" data-end=\"537\">Ideakids Conkal<\/strong>.<\/p>\n<h2 data-start=\"547\" data-end=\"569\">PRIMERO. VIGENCIA<\/h2>\n<p data-start=\"570\" data-end=\"638\">El Programa tendr\u00e1 vigencia hasta el d\u00eda <strong data-start=\"611\" data-end=\"635\">31 de agosto de 2025<\/strong>.<\/p>\n<h2 data-start=\"645\" data-end=\"672\">SEGUNDO. PARTICIPANTES<\/h2>\n<p data-start=\"673\" data-end=\"768\">Podr\u00e1n participar en el Programa aquellas familias que cumplan con los siguientes requisitos:<\/p>\n<ol data-start=\"770\" data-end=\"1493\">\n<li data-start=\"770\" data-end=\"945\">\n<p data-start=\"773\" data-end=\"802\"><strong data-start=\"773\" data-end=\"800\">Registro e inscripci\u00f3n.<\/strong><\/p>\n<ul data-start=\"806\" data-end=\"945\">\n<li data-start=\"806\" data-end=\"945\">\n<p data-start=\"808\" data-end=\"945\">Deber\u00e1n registrar al alumno o alumna y cubrir el pago correspondiente al <strong data-start=\"881\" data-end=\"907\">primer mes de servicio<\/strong> antes del <strong data-start=\"918\" data-end=\"942\">31 de agosto de 2025<\/strong>.<\/p>\n<\/li>\n<\/ul>\n<\/li>\n<li data-start=\"947\" data-end=\"1097\">\n<p data-start=\"950\" data-end=\"976\"><strong data-start=\"950\" data-end=\"974\">Edad de los menores.<\/strong><\/p>\n<ul data-start=\"980\" data-end=\"1097\">\n<li data-start=\"980\" data-end=\"1097\">\n<p data-start=\"982\" data-end=\"1097\">Al momento de la inscripci\u00f3n, los ni\u00f1os y ni\u00f1as deber\u00e1n tener entre <strong data-start=\"1050\" data-end=\"1094\">1 a\u00f1o y 2 a\u00f1os 11 meses de edad cumplida<\/strong>.<\/p>\n<\/li>\n<\/ul>\n<\/li>\n<li data-start=\"1099\" data-end=\"1493\">\n<p data-start=\"1102\" data-end=\"1119\"><strong data-start=\"1102\" data-end=\"1117\">Residencia.<\/strong><\/p>\n<ul data-start=\"1123\" data-end=\"1493\">\n<li data-start=\"1123\" data-end=\"1372\">\n<p data-start=\"1125\" data-end=\"1372\">Podr\u00e1n participar familias residentes de los municipios de <strong data-start=\"1184\" data-end=\"1221\">Conkal, Chicxulub, Ixil y Mococh\u00e1<\/strong>, quienes deber\u00e1n acreditar su domicilio mediante la presentaci\u00f3n de una credencial para votar con domicilio en alguno de los municipios mencionados.<\/p>\n<\/li>\n<li data-start=\"1376\" data-end=\"1493\">\n<p data-start=\"1378\" data-end=\"1493\">Tambi\u00e9n podr\u00e1n participar familias residentes de la <strong data-start=\"1430\" data-end=\"1456\">Comisar\u00eda de Chablekal <\/strong>y en general del Municipio de M\u00e9rida, Yucat\u00e1n.<\/p>\n<\/li>\n<li data-start=\"1376\" data-end=\"1493\">Podr\u00e1n participar familiar que a\u00fan sin residencia permanente en el Estado de Yucat\u00e1n, presenten necesidad por motivo econ\u00f3mico o laboral y requieran de servicios de cuidado infantil<\/li>\n<\/ul>\n<\/li>\n<\/ol>\n<h2 data-start=\"1500\" data-end=\"1539\">TERCERO. CRITERIOS DE ELEGIBILIDAD<\/h2>\n<p data-start=\"1540\" data-end=\"1669\">Las familias solicitantes deber\u00e1n encontrarse en alguno de los siguientes supuestos para acceder a los beneficios del Programa:<\/p>\n<p data-start=\"1671\" data-end=\"1760\">a) <strong data-start=\"1674\" data-end=\"1725\">Familias con necesidades econ\u00f3micas y laborales<\/strong>, lo cual se acreditar\u00e1 mediante:<\/p>\n<ul data-start=\"1764\" data-end=\"1997\">\n<li data-start=\"1885\" data-end=\"1997\">\n<p data-start=\"1887\" data-end=\"1997\">Escrito libre en el que se expongan los motivos por los cuales se requiere del servicio de cuidado infantil.<\/p>\n<\/li>\n<li data-start=\"1885\" data-end=\"1997\">O, constancia emitida por el <strong data-start=\"1792\" data-end=\"1809\">DIF municipal<\/strong> correspondiente en la que se se\u00f1ale la condici\u00f3n de vulnerabilidad, o<\/li>\n<\/ul>\n<p data-start=\"1999\" data-end=\"2077\">b) <strong data-start=\"2002\" data-end=\"2042\">Padres o madres aut\u00f3nomos (solteros)<\/strong>, lo cual se acreditar\u00e1 mediante:<\/p>\n<ul data-start=\"2081\" data-end=\"2261\">\n<li data-start=\"2185\" data-end=\"2261\">\n<p data-start=\"2187\" data-end=\"2261\">Escrito bajo protesta de decir verdad en el que se exponga su situaci\u00f3n.<\/p>\n<\/li>\n<li>O, constancia emitida por el <strong data-start=\"2109\" data-end=\"2126\">DIF municipal<\/strong> de su residencia en la que conste dicha condici\u00f3n.<\/li>\n<\/ul>\n<p data-start=\"2263\" data-end=\"2482\">c) <strong data-start=\"2266\" data-end=\"2332\">Familias que hayan cambiado de residencia al Estado de Yucat\u00e1n<\/strong> y que requieran el servicio de cuidado infantil, lo cual se acreditar\u00e1 mediante escrito libre en el que se manifiesten la necesidad del servicio de cuidado infantil.<\/p>\n<h2 data-start=\"2489\" data-end=\"2525\">CUARTO. BENEFICIOS DEL PROGRAMA<\/h2>\n<p data-start=\"2526\" data-end=\"2619\">Las familias que resulten beneficiadas con el Programa obtendr\u00e1n los siguientes beneficios:<\/p>\n<ol data-start=\"2621\" data-end=\"2991\">\n<li data-start=\"2621\" data-end=\"2816\">\n<p data-start=\"2624\" data-end=\"2816\"><strong data-start=\"2624\" data-end=\"2667\">Cincuenta por ciento (50%) de descuento<\/strong> sobre la colegiatura regular (sin descuentos) vigente en el Paquete con Salida a las 2:00PM del nivel Maternal, siempre que los pagos mensuales se realicen dentro de los <strong data-start=\"2764\" data-end=\"2801\">primeros diez (10) d\u00edas naturales<\/strong> de cada mes.<\/p>\n<\/li>\n<li data-start=\"2818\" data-end=\"2991\">\n<p data-start=\"2821\" data-end=\"2991\"><strong data-start=\"2821\" data-end=\"2864\">Cincuenta por ciento (50%) de descuento<\/strong> sobre el costo de la <strong data-start=\"2886\" data-end=\"2929\">licencia anual de la aplicaci\u00f3n Livekid<\/strong>, aplicable \u00fanicamente durante el primer a\u00f1o de inscripci\u00f3n.<\/p>\n<\/li>\n<\/ol>\n<h2 data-start=\"2998\" data-end=\"3049\">QUINTO. SERVICIOS A LOS QUE APLICA EL PROGRAMA<\/h2>\n<p data-start=\"3050\" data-end=\"3096\">El Programa ser\u00e1 aplicable exclusivamente a:<\/p>\n<ul data-start=\"3098\" data-end=\"3350\">\n<li data-start=\"3098\" data-end=\"3198\">\n<p data-start=\"3100\" data-end=\"3198\">El <strong data-start=\"3103\" data-end=\"3121\">nivel Maternal<\/strong>, para ni\u00f1os y ni\u00f1as de entre <strong data-start=\"3151\" data-end=\"3195\">1 a\u00f1o y 2 a\u00f1os 11 meses de edad cumplida<\/strong>.<\/p>\n<\/li>\n<li data-start=\"3199\" data-end=\"3269\">\n<p data-start=\"3201\" data-end=\"3269\">El paquete de <strong data-start=\"3215\" data-end=\"3266\">Maternal con salida a las 14:00 horas (2:00 PM)<\/strong>.<\/p>\n<\/li>\n<li data-start=\"3270\" data-end=\"3350\">\n<p data-start=\"3272\" data-end=\"3350\">Colegiaturas mensuales y la primera licencia anual de la aplicaci\u00f3n Livekid.<\/p>\n<\/li>\n<\/ul>\n<h2 data-start=\"3357\" data-end=\"3388\">SEXTO. SERVICIOS EXCLUIDOS<\/h2>\n<p data-start=\"3389\" data-end=\"3452\">El Programa <strong data-start=\"3401\" data-end=\"3422\">no ser\u00e1 aplicable<\/strong> a los siguientes conceptos:<\/p>\n<ul data-start=\"3454\" data-end=\"3735\">\n<li data-start=\"3454\" data-end=\"3483\">\n<p data-start=\"3456\" data-end=\"3483\">Recargos por pago tard\u00edo.<\/p>\n<\/li>\n<li data-start=\"3484\" data-end=\"3518\">\n<p data-start=\"3486\" data-end=\"3518\">Horas adicionales de estancia.<\/p>\n<\/li>\n<li data-start=\"3519\" data-end=\"3563\">\n<p data-start=\"3521\" data-end=\"3563\">Servicio de alimentos (comedor escolar).<\/p>\n<\/li>\n<li data-start=\"3564\" data-end=\"3587\">\n<p data-start=\"3566\" data-end=\"3587\">Uniformes y libros.<\/p>\n<\/li>\n<li data-start=\"3588\" data-end=\"3637\">\n<p data-start=\"3590\" data-end=\"3637\">Servicios ofrecidos por terceros en convenio.<\/p>\n<\/li>\n<li data-start=\"3638\" data-end=\"3735\">\n<p data-start=\"3640\" data-end=\"3735\">Cualquier otro servicio no especificado expresamente en los presentes t\u00e9rminos y condiciones.<\/p>\n<\/li>\n<\/ul>\n<h2 data-start=\"3742\" data-end=\"3780\">S\u00c9PTIMO. RESPONSABLE DEL PROGRAMA<\/h2>\n<p data-start=\"3781\" data-end=\"3814\">El responsable del Programa es\u00a0<strong data-start=\"3816\" data-end=\"3853\">Grupo Educativo Idea Yucat\u00e1n A.C. <\/strong><span data-start=\"3816\" data-end=\"3853\">(<\/span><strong data-start=\"3868\" data-end=\"3887\">Ideakids Conkal)\u00a0<\/strong>con domicilio en Calle 16 entre Calle 21 y Calle 23, Col. Centro, Conkal, Yucat\u00e1n.<\/p>\n<h2 data-start=\"3897\" data-end=\"3920\">OCTAVO. ACEPTACI\u00d3N<\/h2>\n<p data-start=\"3921\" data-end=\"4038\">La participaci\u00f3n en el Programa implica la aceptaci\u00f3n plena y sin reservas de los presentes t\u00e9rminos y condiciones.<\/p>\n<p data-start=\"4040\" data-end=\"4321\"><strong data-start=\"4040\" data-end=\"4077\">Grupo Educativo Idea Yucat\u00e1n A.C.<\/strong> se reserva el derecho de verificar la informaci\u00f3n proporcionada por las familias solicitantes, as\u00ed como de suspender o cancelar los beneficios otorgados en caso de detectarse falsedad, omisi\u00f3n o incumplimiento de los requisitos establecidos.<\/p>\n<h3 data-start=\"4040\" data-end=\"4321\">\u00bfDeseas inscribir a tu peque? \u00a1no dejes pasar m\u00e1s el tiempo!<\/h3>\n<p>Cont\u00e1ctanos por whatsapp:\u00a0<a href=\"https:\/\/bit.ly\/getideakids\">https:\/\/bit.ly\/getideakids<\/a><\/p>\n<p>Agenda una visita:\u00a0<a href=\"https:\/\/bit.ly\/agendaideakids\">https:\/\/bit.ly\/agendaideakids<\/a><\/p>\n<p>ll\u00e1manos por tel\u00e9fono: 999-688-8252<\/p>\n<p data-start=\"4040\" data-end=\"4321\">\n","protected":false},"excerpt":{"rendered":"<p>T\u00c9RMINOS Y CONDICIONES DEL PROGRAMA DE APOYO SOCIAL IDEAKIDS El presente documento establece los t\u00e9rminos y condiciones aplicables al Programa &hellip; <a href=\"https:\/\/ideakids.org.mx\/index.php\/apoyosocial\/\" class=\"more-link\"><span class=\"more-button\">Seguir leyendo<span class=\"screen-reader-text\">Programa de Apoyo Social &#8211; Ideakids Conkal &#8211; Maternal y Kinder<\/span><\/span><\/a><\/p>\n","protected":false},"author":1,"featured_media":0,"parent":0,"menu_order":0,"comment_status":"closed","ping_status":"closed","template":"","meta":{"footnotes":""},"class_list":["post-120","page","type-page","status-publish","hentry"],"_links":{"self":[{"href":"https:\/\/ideakids.org.mx\/index.php\/wp-json\/wp\/v2\/pages\/120","targetHints":{"allow":["GET"]}}],"collection":[{"href":"https:\/\/ideakids.org.mx\/index.php\/wp-json\/wp\/v2\/pages"}],"about":[{"href":"https:\/\/ideakids.org.mx\/index.php\/wp-json\/wp\/v2\/types\/page"}],"author":[{"embeddable":true,"href":"https:\/\/ideakids.org.mx\/index.php\/wp-json\/wp\/v2\/users\/1"}],"replies":[{"embeddable":true,"href":"https:\/\/ideakids.org.mx\/index.php\/wp-json\/wp\/v2\/comments?post=120"}],"version-history":[{"count":5,"href":"https:\/\/ideakids.org.mx\/index.php\/wp-json\/wp\/v2\/pages\/120\/revisions"}],"predecessor-version":[{"id":126,"href":"https:\/\/ideakids.org.mx\/index.php\/wp-json\/wp\/v2\/pages\/120\/revisions\/126"}],"wp:attachment":[{"href":"https:\/\/ideakids.org.mx\/index.php\/wp-json\/wp\/v2\/media?parent=120"}],"curies":[{"name":"wp","href":"https:\/\/api.w.org\/{rel}","templated":true}]}}